{"id":1604,"date":"2020-12-04T01:16:45","date_gmt":"2020-12-04T00:16:45","guid":{"rendered":"https:\/\/www.couch-connections.com\/?page_id=1604"},"modified":"2020-12-04T01:25:45","modified_gmt":"2020-12-04T00:25:45","slug":"prime","status":"publish","type":"page","link":"https:\/\/www.couch-connections.com\/en\/prime\/","title":{"rendered":"Prime Video"},"content":{"rendered":"\n<p>List of availability:<br><a href=\"https:\/\/www.amazon.com\/-\/de\/dp\/B08HVRK82Z\/ref=sr_1_1?__mk_de_DE=\u00c5M\u00c5\u017d\u00d5\u00d1&amp;dchild=1&amp;keywords=couch+connections&amp;qid=1607022463&amp;sr=8-1\">Prime US<\/a><br><a href=\"https:\/\/www.amazon.co.uk\/Couch-Connections-Christoph-Pehofer\/dp\/B08H2H5GGR\/ref=sr_1_1?dchild=1&amp;keywords=couch+connections&amp;qid=1607022541&amp;sr=8-1\">Prime UK<\/a><br><a href=\"https:\/\/www.amazon.es\/gp\/video\/ssoredirect\/?ru=https%3A%2F%2Fapp.primevideo.com%2Fdetail%3Fgti%3Damzn1.dv.gti.56ba2263-6c99-e5db-baf7-d9ee85a7f21b%26ref_%3Ddvm_src_ret_es_xx_s&amp;page-type-id=B08KDKL7KC&amp;ref=sr_1_1&amp;keywords=couch+connections&amp;__mk_es_ES=\u00c5M\u00c5\u017d\u00d5\u00d1&amp;qid=1607022581&amp;sr=8-1\">Prime Latin<\/a><br><a href=\"https:\/\/www.amazon.fr\/gp\/video\/ssoredirect\/?ru=https%3A%2F%2Fapp.primevideo.com%2Fdetail%3Fgti%3Damzn1.dv.gti.56ba2263-6c99-e5db-baf7-d9ee85a7f21b%26ref_%3Ddvm_src_ret_fr_xx_s&amp;page-type-id=B08KFHCD48&amp;ref=sr_1_5&amp;keywords=couch+connections&amp;qid=1607022654&amp;__mk_fr_FR=\u00c5M\u00c5\u017d\u00d5\u00d1&amp;sr=8-5\">Prime France<\/a><br><a href=\"https:\/\/www.amazon.it\/gp\/video\/ssoredirect\/?ru=https%3A%2F%2Fapp.primevideo.com%2Fdetail%3Fgti%3Damzn1.dv.gti.56ba2263-6c99-e5db-baf7-d9ee85a7f21b%26ref_%3Ddvm_src_ret_it_xx_s&amp;page-type-id=B08KDJ5R11&amp;ref=sr_1_1&amp;keywords=couch+connections&amp;__mk_it_IT=\u00c5M\u00c5\u017d\u00d5\u00d1&amp;qid=1607022692&amp;sr=8-1\">Prime Italy<\/a><\/p>\n\n\n\n<div class=\"wp-block-image\"><figure class=\"aligncenter size-large is-resized\"><img loading=\"lazy\" decoding=\"async\" src=\"https:\/\/www.couch-connections.com\/wp-content\/uploads\/2020\/12\/amazon-prime-video_12d1.jpg-1-1024x576.png\" alt=\"\" class=\"wp-image-1503\" width=\"137\" height=\"77\" srcset=\"https:\/\/www.couch-connections.com\/wp-content\/uploads\/2020\/12\/amazon-prime-video_12d1.jpg-1-1024x576.png 1024w, https:\/\/www.couch-connections.com\/wp-content\/uploads\/2020\/12\/amazon-prime-video_12d1.jpg-1-300x169.png 300w, https:\/\/www.couch-connections.com\/wp-content\/uploads\/2020\/12\/amazon-prime-video_12d1.jpg-1-768x432.png 768w, https:\/\/www.couch-connections.com\/wp-content\/uploads\/2020\/12\/amazon-prime-video_12d1.jpg-1.png 1280w\" sizes=\"auto, (max-width: 137px) 100vw, 137px\" \/><\/figure><\/div>\n","protected":false},"excerpt":{"rendered":"<p>List of availability:Prime USPrime UKPrime LatinPrime FrancePrime Italy<\/p>\n","protected":false},"author":2,"featured_media":1085,"parent":0,"menu_order":0,"comment_status":"closed","ping_status":"closed","template":"","meta":{"_acf_changed":false,"inline_featured_image":false,"footnotes":""},"class_list":["post-1604","page","type-page","status-publish","has-post-thumbnail","hentry"],"acf":[],"yoast_head":"<!-- This site is optimized with the Yoast SEO plugin v24.5 - https:\/\/yoast.com\/wordpress\/plugins\/seo\/ -->\n<title>Prime Video - Couch Connections - A Documentary about Couchsurfing<\/title>\n<meta name=\"robots\" content=\"index, follow, max-snippet:-1, max-image-preview:large, max-video-preview:-1\" \/>\n<link rel=\"canonical\" href=\"https:\/\/www.couch-connections.com\/en\/prime\/\" \/>\n<meta property=\"og:locale\" content=\"en_US\" \/>\n<meta property=\"og:type\" content=\"article\" \/>\n<meta property=\"og:title\" content=\"Prime Video - Couch Connections - A Documentary about Couchsurfing\" \/>\n<meta property=\"og:description\" content=\"List of availability:Prime USPrime UKPrime LatinPrime FrancePrime Italy\" \/>\n<meta property=\"og:url\" content=\"https:\/\/www.couch-connections.com\/en\/prime\/\" \/>\n<meta property=\"og:site_name\" content=\"Couch Connections\" \/>\n<meta property=\"article:publisher\" content=\"https:\/\/www.facebook.com\/couchconnections\/\" \/>\n<meta property=\"article:modified_time\" content=\"2020-12-04T00:25:45+00:00\" \/>\n<meta property=\"og:image\" content=\"https:\/\/www.couch-connections.com\/wp-content\/uploads\/2020\/02\/58-IMG_1733.jpg\" \/>\n\t<meta property=\"og:image:width\" content=\"2048\" \/>\n\t<meta property=\"og:image:height\" content=\"1365\" \/>\n\t<meta property=\"og:image:type\" content=\"image\/jpeg\" \/>\n<meta name=\"twitter:card\" content=\"summary_large_image\" \/>\n<script type=\"application\/ld+json\" class=\"yoast-schema-graph\">{\"@context\":\"https:\/\/schema.org\",\"@graph\":[{\"@type\":\"WebPage\",\"@id\":\"https:\/\/www.couch-connections.com\/en\/prime\/\",\"url\":\"https:\/\/www.couch-connections.com\/en\/prime\/\",\"name\":\"Prime Video - Couch Connections - A Documentary about Couchsurfing\",\"isPartOf\":{\"@id\":\"https:\/\/www.couch-connections.com\/de\/#website\"},\"primaryImageOfPage\":{\"@id\":\"https:\/\/www.couch-connections.com\/en\/prime\/#primaryimage\"},\"image\":{\"@id\":\"https:\/\/www.couch-connections.com\/en\/prime\/#primaryimage\"},\"thumbnailUrl\":\"https:\/\/www.couch-connections.com\/wp-content\/uploads\/2020\/02\/58-IMG_1733.jpg\",\"datePublished\":\"2020-12-04T00:16:45+00:00\",\"dateModified\":\"2020-12-04T00:25:45+00:00\",\"breadcrumb\":{\"@id\":\"https:\/\/www.couch-connections.com\/en\/prime\/#breadcrumb\"},\"inLanguage\":\"en-US\",\"potentialAction\":[{\"@type\":\"ReadAction\",\"target\":[\"https:\/\/www.couch-connections.com\/en\/prime\/\"]}]},{\"@type\":\"ImageObject\",\"inLanguage\":\"en-US\",\"@id\":\"https:\/\/www.couch-connections.com\/en\/prime\/#primaryimage\",\"url\":\"https:\/\/www.couch-connections.com\/wp-content\/uploads\/2020\/02\/58-IMG_1733.jpg\",\"contentUrl\":\"https:\/\/www.couch-connections.com\/wp-content\/uploads\/2020\/02\/58-IMG_1733.jpg\",\"width\":2048,\"height\":1365},{\"@type\":\"BreadcrumbList\",\"@id\":\"https:\/\/www.couch-connections.com\/en\/prime\/#breadcrumb\",\"itemListElement\":[{\"@type\":\"ListItem\",\"position\":1,\"name\":\"Home\",\"item\":\"https:\/\/www.couch-connections.com\/en\/\"},{\"@type\":\"ListItem\",\"position\":2,\"name\":\"Prime Video\"}]},{\"@type\":\"WebSite\",\"@id\":\"https:\/\/www.couch-connections.com\/de\/#website\",\"url\":\"https:\/\/www.couch-connections.com\/de\/\",\"name\":\"Couch Connections\",\"description\":\"A Documentary about Couchsurfing\",\"publisher\":{\"@id\":\"https:\/\/www.couch-connections.com\/de\/#\/schema\/person\/fc878010629408efb40cce1672a0858d\"},\"potentialAction\":[{\"@type\":\"SearchAction\",\"target\":{\"@type\":\"EntryPoint\",\"urlTemplate\":\"https:\/\/www.couch-connections.com\/de\/?s={search_term_string}\"},\"query-input\":{\"@type\":\"PropertyValueSpecification\",\"valueRequired\":true,\"valueName\":\"search_term_string\"}}],\"inLanguage\":\"en-US\"},{\"@type\":[\"Person\",\"Organization\"],\"@id\":\"https:\/\/www.couch-connections.com\/de\/#\/schema\/person\/fc878010629408efb40cce1672a0858d\",\"name\":\"Christoph Pehofer\",\"logo\":{\"@id\":\"https:\/\/www.couch-connections.com\/de\/#\/schema\/person\/image\/\"},\"sameAs\":[\"https:\/\/www.couch-connections.com\",\"https:\/\/www.facebook.com\/couchconnections\/\",\"https:\/\/www.instagram.com\/couchconnections\/\",\"https:\/\/www.youtube.com\/channel\/UC7MXovFcq_ZhtS7g8mkYiaw\"]}]}<\/script>\n<!-- \/ Yoast SEO plugin. -->","yoast_head_json":{"title":"Prime Video - Couch Connections - A Documentary about Couchsurfing","robots":{"index":"index","follow":"follow","max-snippet":"max-snippet:-1","max-image-preview":"max-image-preview:large","max-video-preview":"max-video-preview:-1"},"canonical":"https:\/\/www.couch-connections.com\/en\/prime\/","og_locale":"en_US","og_type":"article","og_title":"Prime Video - Couch Connections - A Documentary about Couchsurfing","og_description":"List of availability:Prime USPrime UKPrime LatinPrime FrancePrime Italy","og_url":"https:\/\/www.couch-connections.com\/en\/prime\/","og_site_name":"Couch Connections","article_publisher":"https:\/\/www.facebook.com\/couchconnections\/","article_modified_time":"2020-12-04T00:25:45+00:00","og_image":[{"width":2048,"height":1365,"url":"https:\/\/www.couch-connections.com\/wp-content\/uploads\/2020\/02\/58-IMG_1733.jpg","type":"image\/jpeg"}],"twitter_card":"summary_large_image","schema":{"@context":"https:\/\/schema.org","@graph":[{"@type":"WebPage","@id":"https:\/\/www.couch-connections.com\/en\/prime\/","url":"https:\/\/www.couch-connections.com\/en\/prime\/","name":"Prime Video - Couch Connections - A Documentary about Couchsurfing","isPartOf":{"@id":"https:\/\/www.couch-connections.com\/de\/#website"},"primaryImageOfPage":{"@id":"https:\/\/www.couch-connections.com\/en\/prime\/#primaryimage"},"image":{"@id":"https:\/\/www.couch-connections.com\/en\/prime\/#primaryimage"},"thumbnailUrl":"https:\/\/www.couch-connections.com\/wp-content\/uploads\/2020\/02\/58-IMG_1733.jpg","datePublished":"2020-12-04T00:16:45+00:00","dateModified":"2020-12-04T00:25:45+00:00","breadcrumb":{"@id":"https:\/\/www.couch-connections.com\/en\/prime\/#breadcrumb"},"inLanguage":"en-US","potentialAction":[{"@type":"ReadAction","target":["https:\/\/www.couch-connections.com\/en\/prime\/"]}]},{"@type":"ImageObject","inLanguage":"en-US","@id":"https:\/\/www.couch-connections.com\/en\/prime\/#primaryimage","url":"https:\/\/www.couch-connections.com\/wp-content\/uploads\/2020\/02\/58-IMG_1733.jpg","contentUrl":"https:\/\/www.couch-connections.com\/wp-content\/uploads\/2020\/02\/58-IMG_1733.jpg","width":2048,"height":1365},{"@type":"BreadcrumbList","@id":"https:\/\/www.couch-connections.com\/en\/prime\/#breadcrumb","itemListElement":[{"@type":"ListItem","position":1,"name":"Home","item":"https:\/\/www.couch-connections.com\/en\/"},{"@type":"ListItem","position":2,"name":"Prime Video"}]},{"@type":"WebSite","@id":"https:\/\/www.couch-connections.com\/de\/#website","url":"https:\/\/www.couch-connections.com\/de\/","name":"Couch Connections","description":"A Documentary about Couchsurfing","publisher":{"@id":"https:\/\/www.couch-connections.com\/de\/#\/schema\/person\/fc878010629408efb40cce1672a0858d"},"potentialAction":[{"@type":"SearchAction","target":{"@type":"EntryPoint","urlTemplate":"https:\/\/www.couch-connections.com\/de\/?s={search_term_string}"},"query-input":{"@type":"PropertyValueSpecification","valueRequired":true,"valueName":"search_term_string"}}],"inLanguage":"en-US"},{"@type":["Person","Organization"],"@id":"https:\/\/www.couch-connections.com\/de\/#\/schema\/person\/fc878010629408efb40cce1672a0858d","name":"Christoph Pehofer","logo":{"@id":"https:\/\/www.couch-connections.com\/de\/#\/schema\/person\/image\/"},"sameAs":["https:\/\/www.couch-connections.com","https:\/\/www.facebook.com\/couchconnections\/","https:\/\/www.instagram.com\/couchconnections\/","https:\/\/www.youtube.com\/channel\/UC7MXovFcq_ZhtS7g8mkYiaw"]}]}},"_links":{"self":[{"href":"https:\/\/www.couch-connections.com\/en\/wp-json\/wp\/v2\/pages\/1604","targetHints":{"allow":["GET"]}}],"collection":[{"href":"https:\/\/www.couch-connections.com\/en\/wp-json\/wp\/v2\/pages"}],"about":[{"href":"https:\/\/www.couch-connections.com\/en\/wp-json\/wp\/v2\/types\/page"}],"author":[{"embeddable":true,"href":"https:\/\/www.couch-connections.com\/en\/wp-json\/wp\/v2\/users\/2"}],"replies":[{"embeddable":true,"href":"https:\/\/www.couch-connections.com\/en\/wp-json\/wp\/v2\/comments?post=1604"}],"version-history":[{"count":4,"href":"https:\/\/www.couch-connections.com\/en\/wp-json\/wp\/v2\/pages\/1604\/revisions"}],"predecessor-version":[{"id":1612,"href":"https:\/\/www.couch-connections.com\/en\/wp-json\/wp\/v2\/pages\/1604\/revisions\/1612"}],"wp:featuredmedia":[{"embeddable":true,"href":"https:\/\/www.couch-connections.com\/en\/wp-json\/wp\/v2\/media\/1085"}],"wp:attachment":[{"href":"https:\/\/www.couch-connections.com\/en\/wp-json\/wp\/v2\/media?parent=1604"}],"curies":[{"name":"wp","href":"https:\/\/api.w.org\/{rel}","templated":true}]}}