{"id":1382,"date":"2020-09-02T20:04:11","date_gmt":"2020-09-02T18:04:11","guid":{"rendered":"https:\/\/www.couch-connections.com\/?page_id=1382"},"modified":"2022-11-02T19:44:36","modified_gmt":"2022-11-02T18:44:36","slug":"dvd-bluray","status":"publish","type":"page","link":"https:\/\/www.couch-connections.com\/en\/dvd-bluray\/","title":{"rendered":"DVD \/ BluRay"},"content":{"rendered":"\n<p class=\"has-text-align-center\">Couch Connections is now available on DVD and BluRay. Watch the movie right on your couch.<\/p>\n\n\n\n<p class=\"has-text-align-center\">72min \/ English \/ AT 2020 \/ Christoph Pehofer<\/p>\n\n\n\n<div class=\"row\">\n\t<div class=\"col-12 col-lg-6\">\n\t\t<a href=\"https:\/\/www.amazon.de\/Couch-Connections-Christoph-Pehofer\/dp\/B08CWM835M\/ref=sr_1_1?__mk_de_DE=\u00c5M\u00c5\u017d\u00d5\u00d1&amp;dchild=1&amp;keywords=couch+connections+film&amp;qid=1607020005&amp;sr=8-1\" target=\"_blank\" rel=\"noreferrer noopener\" class=\"buy-teaser\">\n\t\t\t<img decoding=\"async\" src=\"https:\/\/www.couch-connections.com\/wp-content\/uploads\/2020\/09\/couch-connections-dvd-768x1113.jpg\">\n\t\t\t<h3 style=\"text-decoration: none !important;\">Amazon<\/h3>\n\t\t\t<div class=\"button cta\">Buy now<\/div>\n\t\t<\/a>\n\t<\/div>\n\t<div class=\"col-12 col-lg-6\">\n\t\t<a href=\"https:\/\/www.hoanzl.at\/couch-connections.html\" target=\"_blank\" rel=\"noreferrer noopener\" class=\"buy-teaser\">\n\t\t\t<img decoding=\"async\" src=\"https:\/\/www.couch-connections.com\/wp-content\/uploads\/2020\/09\/couch-connections-dvd-768x1113.jpg\">\n\t\t\t<h3 style=\"text-decoration: none !important;\">Hoanzl<\/h3>\n\t\t\t<div class=\"button cta\">Buy now<\/div>\n\t\t<\/a>\n\t<\/div>\n<\/div>\n","protected":false},"excerpt":{"rendered":"<p>Couch Connections is now available on DVD and BluRay. Watch the movie right on your couch. 72min \/ English \/ AT 2020 \/ Christoph Pehofer Amazon Buy now Hoanzl Buy now<\/p>\n","protected":false},"author":1,"featured_media":949,"parent":0,"menu_order":0,"comment_status":"closed","ping_status":"closed","template":"","meta":{"_acf_changed":false,"inline_featured_image":false,"footnotes":""},"class_list":["post-1382","page","type-page","status-publish","has-post-thumbnail","hentry"],"acf":[],"yoast_head":"<!-- This site is optimized with the Yoast SEO plugin v24.5 - https:\/\/yoast.com\/wordpress\/plugins\/seo\/ -->\n<title>DVD \/ BluRay - Couch Connections - A Documentary about Couchsurfing<\/title>\n<meta name=\"robots\" content=\"index, follow, max-snippet:-1, max-image-preview:large, max-video-preview:-1\" \/>\n<link rel=\"canonical\" href=\"https:\/\/www.couch-connections.com\/en\/dvd-bluray\/\" \/>\n<meta property=\"og:locale\" content=\"en_US\" \/>\n<meta property=\"og:type\" content=\"article\" \/>\n<meta property=\"og:title\" content=\"DVD \/ BluRay - Couch Connections - A Documentary about Couchsurfing\" \/>\n<meta property=\"og:description\" content=\"Couch Connections is now available on DVD and BluRay. Watch the movie right on your couch. 72min \/ English \/ AT 2020 \/ Christoph Pehofer Amazon Buy now Hoanzl Buy now\" \/>\n<meta property=\"og:url\" content=\"https:\/\/www.couch-connections.com\/en\/dvd-bluray\/\" \/>\n<meta property=\"og:site_name\" content=\"Couch Connections\" \/>\n<meta property=\"article:publisher\" content=\"https:\/\/www.facebook.com\/couchconnections\/\" \/>\n<meta property=\"article:modified_time\" content=\"2022-11-02T18:44:36+00:00\" \/>\n<meta property=\"og:image\" content=\"https:\/\/www.couch-connections.com\/wp-content\/uploads\/2019\/12\/20191123164609_IMG_9097.jpg\" \/>\n\t<meta property=\"og:image:width\" content=\"1656\" \/>\n\t<meta property=\"og:image:height\" content=\"1104\" \/>\n\t<meta property=\"og:image:type\" content=\"image\/jpeg\" \/>\n<meta name=\"twitter:card\" content=\"summary_large_image\" \/>\n<script type=\"application\/ld+json\" class=\"yoast-schema-graph\">{\"@context\":\"https:\/\/schema.org\",\"@graph\":[{\"@type\":\"WebPage\",\"@id\":\"https:\/\/www.couch-connections.com\/en\/dvd-bluray\/\",\"url\":\"https:\/\/www.couch-connections.com\/en\/dvd-bluray\/\",\"name\":\"DVD \/ BluRay - Couch Connections - A Documentary about Couchsurfing\",\"isPartOf\":{\"@id\":\"https:\/\/www.couch-connections.com\/de\/#website\"},\"primaryImageOfPage\":{\"@id\":\"https:\/\/www.couch-connections.com\/en\/dvd-bluray\/#primaryimage\"},\"image\":{\"@id\":\"https:\/\/www.couch-connections.com\/en\/dvd-bluray\/#primaryimage\"},\"thumbnailUrl\":\"https:\/\/www.couch-connections.com\/wp-content\/uploads\/2019\/12\/20191123164609_IMG_9097.jpg\",\"datePublished\":\"2020-09-02T18:04:11+00:00\",\"dateModified\":\"2022-11-02T18:44:36+00:00\",\"breadcrumb\":{\"@id\":\"https:\/\/www.couch-connections.com\/en\/dvd-bluray\/#breadcrumb\"},\"inLanguage\":\"en-US\",\"potentialAction\":[{\"@type\":\"ReadAction\",\"target\":[\"https:\/\/www.couch-connections.com\/en\/dvd-bluray\/\"]}]},{\"@type\":\"ImageObject\",\"inLanguage\":\"en-US\",\"@id\":\"https:\/\/www.couch-connections.com\/en\/dvd-bluray\/#primaryimage\",\"url\":\"https:\/\/www.couch-connections.com\/wp-content\/uploads\/2019\/12\/20191123164609_IMG_9097.jpg\",\"contentUrl\":\"https:\/\/www.couch-connections.com\/wp-content\/uploads\/2019\/12\/20191123164609_IMG_9097.jpg\",\"width\":1656,\"height\":1104},{\"@type\":\"BreadcrumbList\",\"@id\":\"https:\/\/www.couch-connections.com\/en\/dvd-bluray\/#breadcrumb\",\"itemListElement\":[{\"@type\":\"ListItem\",\"position\":1,\"name\":\"Home\",\"item\":\"https:\/\/www.couch-connections.com\/en\/\"},{\"@type\":\"ListItem\",\"position\":2,\"name\":\"DVD \/ BluRay\"}]},{\"@type\":\"WebSite\",\"@id\":\"https:\/\/www.couch-connections.com\/de\/#website\",\"url\":\"https:\/\/www.couch-connections.com\/de\/\",\"name\":\"Couch Connections\",\"description\":\"A Documentary about Couchsurfing\",\"publisher\":{\"@id\":\"https:\/\/www.couch-connections.com\/de\/#\/schema\/person\/fc878010629408efb40cce1672a0858d\"},\"potentialAction\":[{\"@type\":\"SearchAction\",\"target\":{\"@type\":\"EntryPoint\",\"urlTemplate\":\"https:\/\/www.couch-connections.com\/de\/?s={search_term_string}\"},\"query-input\":{\"@type\":\"PropertyValueSpecification\",\"valueRequired\":true,\"valueName\":\"search_term_string\"}}],\"inLanguage\":\"en-US\"},{\"@type\":[\"Person\",\"Organization\"],\"@id\":\"https:\/\/www.couch-connections.com\/de\/#\/schema\/person\/fc878010629408efb40cce1672a0858d\",\"name\":\"Christoph Pehofer\",\"logo\":{\"@id\":\"https:\/\/www.couch-connections.com\/de\/#\/schema\/person\/image\/\"},\"sameAs\":[\"https:\/\/www.couch-connections.com\",\"https:\/\/www.facebook.com\/couchconnections\/\",\"https:\/\/www.instagram.com\/couchconnections\/\",\"https:\/\/www.youtube.com\/channel\/UC7MXovFcq_ZhtS7g8mkYiaw\"]}]}<\/script>\n<!-- \/ Yoast SEO plugin. -->","yoast_head_json":{"title":"DVD \/ BluRay - Couch Connections - A Documentary about Couchsurfing","robots":{"index":"index","follow":"follow","max-snippet":"max-snippet:-1","max-image-preview":"max-image-preview:large","max-video-preview":"max-video-preview:-1"},"canonical":"https:\/\/www.couch-connections.com\/en\/dvd-bluray\/","og_locale":"en_US","og_type":"article","og_title":"DVD \/ BluRay - Couch Connections - A Documentary about Couchsurfing","og_description":"Couch Connections is now available on DVD and BluRay. Watch the movie right on your couch. 72min \/ English \/ AT 2020 \/ Christoph Pehofer Amazon Buy now Hoanzl Buy now","og_url":"https:\/\/www.couch-connections.com\/en\/dvd-bluray\/","og_site_name":"Couch Connections","article_publisher":"https:\/\/www.facebook.com\/couchconnections\/","article_modified_time":"2022-11-02T18:44:36+00:00","og_image":[{"width":1656,"height":1104,"url":"https:\/\/www.couch-connections.com\/wp-content\/uploads\/2019\/12\/20191123164609_IMG_9097.jpg","type":"image\/jpeg"}],"twitter_card":"summary_large_image","schema":{"@context":"https:\/\/schema.org","@graph":[{"@type":"WebPage","@id":"https:\/\/www.couch-connections.com\/en\/dvd-bluray\/","url":"https:\/\/www.couch-connections.com\/en\/dvd-bluray\/","name":"DVD \/ BluRay - Couch Connections - A Documentary about Couchsurfing","isPartOf":{"@id":"https:\/\/www.couch-connections.com\/de\/#website"},"primaryImageOfPage":{"@id":"https:\/\/www.couch-connections.com\/en\/dvd-bluray\/#primaryimage"},"image":{"@id":"https:\/\/www.couch-connections.com\/en\/dvd-bluray\/#primaryimage"},"thumbnailUrl":"https:\/\/www.couch-connections.com\/wp-content\/uploads\/2019\/12\/20191123164609_IMG_9097.jpg","datePublished":"2020-09-02T18:04:11+00:00","dateModified":"2022-11-02T18:44:36+00:00","breadcrumb":{"@id":"https:\/\/www.couch-connections.com\/en\/dvd-bluray\/#breadcrumb"},"inLanguage":"en-US","potentialAction":[{"@type":"ReadAction","target":["https:\/\/www.couch-connections.com\/en\/dvd-bluray\/"]}]},{"@type":"ImageObject","inLanguage":"en-US","@id":"https:\/\/www.couch-connections.com\/en\/dvd-bluray\/#primaryimage","url":"https:\/\/www.couch-connections.com\/wp-content\/uploads\/2019\/12\/20191123164609_IMG_9097.jpg","contentUrl":"https:\/\/www.couch-connections.com\/wp-content\/uploads\/2019\/12\/20191123164609_IMG_9097.jpg","width":1656,"height":1104},{"@type":"BreadcrumbList","@id":"https:\/\/www.couch-connections.com\/en\/dvd-bluray\/#breadcrumb","itemListElement":[{"@type":"ListItem","position":1,"name":"Home","item":"https:\/\/www.couch-connections.com\/en\/"},{"@type":"ListItem","position":2,"name":"DVD \/ BluRay"}]},{"@type":"WebSite","@id":"https:\/\/www.couch-connections.com\/de\/#website","url":"https:\/\/www.couch-connections.com\/de\/","name":"Couch Connections","description":"A Documentary about Couchsurfing","publisher":{"@id":"https:\/\/www.couch-connections.com\/de\/#\/schema\/person\/fc878010629408efb40cce1672a0858d"},"potentialAction":[{"@type":"SearchAction","target":{"@type":"EntryPoint","urlTemplate":"https:\/\/www.couch-connections.com\/de\/?s={search_term_string}"},"query-input":{"@type":"PropertyValueSpecification","valueRequired":true,"valueName":"search_term_string"}}],"inLanguage":"en-US"},{"@type":["Person","Organization"],"@id":"https:\/\/www.couch-connections.com\/de\/#\/schema\/person\/fc878010629408efb40cce1672a0858d","name":"Christoph Pehofer","logo":{"@id":"https:\/\/www.couch-connections.com\/de\/#\/schema\/person\/image\/"},"sameAs":["https:\/\/www.couch-connections.com","https:\/\/www.facebook.com\/couchconnections\/","https:\/\/www.instagram.com\/couchconnections\/","https:\/\/www.youtube.com\/channel\/UC7MXovFcq_ZhtS7g8mkYiaw"]}]}},"_links":{"self":[{"href":"https:\/\/www.couch-connections.com\/en\/wp-json\/wp\/v2\/pages\/1382","targetHints":{"allow":["GET"]}}],"collection":[{"href":"https:\/\/www.couch-connections.com\/en\/wp-json\/wp\/v2\/pages"}],"about":[{"href":"https:\/\/www.couch-connections.com\/en\/wp-json\/wp\/v2\/types\/page"}],"author":[{"embeddable":true,"href":"https:\/\/www.couch-connections.com\/en\/wp-json\/wp\/v2\/users\/1"}],"replies":[{"embeddable":true,"href":"https:\/\/www.couch-connections.com\/en\/wp-json\/wp\/v2\/comments?post=1382"}],"version-history":[{"count":10,"href":"https:\/\/www.couch-connections.com\/en\/wp-json\/wp\/v2\/pages\/1382\/revisions"}],"predecessor-version":[{"id":1852,"href":"https:\/\/www.couch-connections.com\/en\/wp-json\/wp\/v2\/pages\/1382\/revisions\/1852"}],"wp:featuredmedia":[{"embeddable":true,"href":"https:\/\/www.couch-connections.com\/en\/wp-json\/wp\/v2\/media\/949"}],"wp:attachment":[{"href":"https:\/\/www.couch-connections.com\/en\/wp-json\/wp\/v2\/media?parent=1382"}],"curies":[{"name":"wp","href":"https:\/\/api.w.org\/{rel}","templated":true}]}}