{"id":733,"date":"2019-03-29T11:56:16","date_gmt":"2019-03-29T10:56:16","guid":{"rendered":"http:\/\/neu.couch-connections.com\/?page_id=733"},"modified":"2019-04-01T11:46:01","modified_gmt":"2019-04-01T09:46:01","slug":"uber-mich","status":"publish","type":"page","link":"https:\/\/www.couch-connections.com\/de\/uber-mich\/","title":{"rendered":"\u00dcber mich"},"content":{"rendered":"\n<p>Ich habe genug von Vorurteilen geh\u00f6rt und m\u00f6chte mit meinem Film zeigen, dass wir alle gleich sind und uns gegenseitig vertrauen k\u00f6nnen &#8211; egal woher wir kommen oder welche Hautfarbe, Religion, welches biologische oder soziale Geschlecht wir haben! Mit diesem Film m\u00f6chte ich beweisen, dass die Welt kein b\u00f6ser Ort ist, sondern dass hier wunderbare Menschen leben.<\/p>\n\n\n\t\t\t<\/div>\n\t\t<\/div>\n\t<\/div>\n\t<div class=\"quote-block\">\n\t\t\n\n<section class=\"parallax-teaser\">\n    <img decoding=\"async\" src=\"https:\/\/www.couch-connections.com\/wp-content\/uploads\/2019\/04\/MHC_School-1800x1013.jpg\" class=\"parallax\" \/>\n    <div class=\"container\">\n        <div class=\"row\">\n            <div class=\"col-12\">\n                <blockquote>\n                    <p>\n                        F\u00fcr mich bedeutet Reisen nicht, an m\u00f6glichst vielen Orte gewesen zu sein. Es bedeutet, Menschen aus der ganzen Welt kennenzulernen.                    <\/p>\n                                    <\/blockquote>\n            <\/div>\n        <\/div>\n    <\/div>\n<\/section>\n\t<\/div>\n\t<div class=\"container\">\n        <div class=\"row justify-content-center\">\n            <div class=\"col-12 col-md-10\">\n\n\t\n\n\n\n<p>Reisen von Couch zu Couch erm\u00f6glicht einen tiefen und authentischen Einblick in ein Leben jenseits vom gewohnten Zuhause. In Wien hatte ich im Sommer 2016 als Host meine \u201eHochsaison\u201c: Jene, die zu dieser Zeit auf meiner Couch \u00fcbernachteten, berichteten mir aus ihrem Leben. Das lie\u00df mich nicht mehr los und so entschied ich mich etwa ein Jahr sp\u00e4ter, meinen Job zu k\u00fcndigen. Im August 2017 buchte ich ein One-Way-Ticket nach Kanada.<br><\/p>\n\n\n\n<p>Erfahren habe ich von Couchsurfing dank meines Cousins, der sogar seine chilenische Frau \u00fcber diese Art zu Reisen kennenlernen durfte und die nun Teil unserer Familie ist. Seither nehme ich des \u00d6fteren Fremde bei mir auf, die schnell zu meinen Freunden werden. Und dies ist f\u00fcr mich auch das gr\u00f6\u00dfte Geschenk bei Couchsurfing: Weltweite Freundschaften. Nicht viele k\u00f6nnen von sich behaupten, Freunde auf der ganzen Welt zu haben.<\/p>\n","protected":false},"excerpt":{"rendered":"<p>Ich habe genug von Vorurteilen geh\u00f6rt und m\u00f6chte mit meinem Film zeigen, dass wir alle gleich sind und uns gegenseitig vertrauen k\u00f6nnen &#8211; egal woher wir kommen oder welche Hautfarbe, Religion, welches biologische oder soziale Geschlecht wir haben! Mit diesem Film m\u00f6chte ich beweisen, dass die Welt kein b\u00f6ser Ort ist, sondern dass hier wunderbare [&hellip;]<\/p>\n","protected":false},"author":1,"featured_media":780,"parent":0,"menu_order":0,"comment_status":"closed","ping_status":"closed","template":"","meta":{"_acf_changed":false,"inline_featured_image":false,"footnotes":""},"class_list":["post-733","page","type-page","status-publish","has-post-thumbnail","hentry"],"acf":[],"yoast_head":"<!-- This site is optimized with the Yoast SEO plugin v24.5 - https:\/\/yoast.com\/wordpress\/plugins\/seo\/ -->\n<title>\u00dcber mich - Couch Connections - A Documentary about Couchsurfing<\/title>\n<meta name=\"robots\" content=\"index, follow, max-snippet:-1, max-image-preview:large, max-video-preview:-1\" \/>\n<link rel=\"canonical\" href=\"https:\/\/www.couch-connections.com\/de\/uber-mich\/\" \/>\n<meta property=\"og:locale\" content=\"de_DE\" \/>\n<meta property=\"og:type\" content=\"article\" \/>\n<meta property=\"og:title\" content=\"\u00dcber mich - Couch Connections - A Documentary about Couchsurfing\" \/>\n<meta property=\"og:description\" content=\"Ich habe genug von Vorurteilen geh\u00f6rt und m\u00f6chte mit meinem Film zeigen, dass wir alle gleich sind und uns gegenseitig vertrauen k\u00f6nnen &#8211; egal woher wir kommen oder welche Hautfarbe, Religion, welches biologische oder soziale Geschlecht wir haben! Mit diesem Film m\u00f6chte ich beweisen, dass die Welt kein b\u00f6ser Ort ist, sondern dass hier wunderbare [&hellip;]\" \/>\n<meta property=\"og:url\" content=\"https:\/\/www.couch-connections.com\/de\/uber-mich\/\" \/>\n<meta property=\"og:site_name\" content=\"Couch Connections\" \/>\n<meta property=\"article:publisher\" content=\"https:\/\/www.facebook.com\/couchconnections\/\" \/>\n<meta property=\"article:modified_time\" content=\"2019-04-01T09:46:01+00:00\" \/>\n<meta property=\"og:image\" content=\"https:\/\/www.couch-connections.com\/wp-content\/uploads\/2019\/04\/Hauptbild_Blur-1024x576.jpg\" \/>\n\t<meta property=\"og:image:width\" content=\"1024\" \/>\n\t<meta property=\"og:image:height\" content=\"576\" \/>\n\t<meta property=\"og:image:type\" content=\"image\/jpeg\" \/>\n<meta name=\"twitter:card\" content=\"summary_large_image\" \/>\n<meta name=\"twitter:label1\" content=\"Gesch\u00e4tzte Lesezeit\" \/>\n\t<meta name=\"twitter:data1\" content=\"1\u00a0Minute\" \/>\n<script type=\"application\/ld+json\" class=\"yoast-schema-graph\">{\"@context\":\"https:\/\/schema.org\",\"@graph\":[{\"@type\":\"WebPage\",\"@id\":\"https:\/\/www.couch-connections.com\/de\/uber-mich\/\",\"url\":\"https:\/\/www.couch-connections.com\/de\/uber-mich\/\",\"name\":\"\u00dcber mich - Couch Connections - A Documentary about Couchsurfing\",\"isPartOf\":{\"@id\":\"https:\/\/www.couch-connections.com\/de\/#website\"},\"primaryImageOfPage\":{\"@id\":\"https:\/\/www.couch-connections.com\/de\/uber-mich\/#primaryimage\"},\"image\":{\"@id\":\"https:\/\/www.couch-connections.com\/de\/uber-mich\/#primaryimage\"},\"thumbnailUrl\":\"https:\/\/www.couch-connections.com\/wp-content\/uploads\/2019\/04\/Hauptbild_Blur.jpg\",\"datePublished\":\"2019-03-29T10:56:16+00:00\",\"dateModified\":\"2019-04-01T09:46:01+00:00\",\"breadcrumb\":{\"@id\":\"https:\/\/www.couch-connections.com\/de\/uber-mich\/#breadcrumb\"},\"inLanguage\":\"de\",\"potentialAction\":[{\"@type\":\"ReadAction\",\"target\":[\"https:\/\/www.couch-connections.com\/de\/uber-mich\/\"]}]},{\"@type\":\"ImageObject\",\"inLanguage\":\"de\",\"@id\":\"https:\/\/www.couch-connections.com\/de\/uber-mich\/#primaryimage\",\"url\":\"https:\/\/www.couch-connections.com\/wp-content\/uploads\/2019\/04\/Hauptbild_Blur.jpg\",\"contentUrl\":\"https:\/\/www.couch-connections.com\/wp-content\/uploads\/2019\/04\/Hauptbild_Blur.jpg\",\"width\":6000,\"height\":3376,\"caption\":\"top\"},{\"@type\":\"BreadcrumbList\",\"@id\":\"https:\/\/www.couch-connections.com\/de\/uber-mich\/#breadcrumb\",\"itemListElement\":[{\"@type\":\"ListItem\",\"position\":1,\"name\":\"Home\",\"item\":\"https:\/\/www.couch-connections.com\/de\/\"},{\"@type\":\"ListItem\",\"position\":2,\"name\":\"\u00dcber mich\"}]},{\"@type\":\"WebSite\",\"@id\":\"https:\/\/www.couch-connections.com\/de\/#website\",\"url\":\"https:\/\/www.couch-connections.com\/de\/\",\"name\":\"Couch Connections\",\"description\":\"A Documentary about Couchsurfing\",\"publisher\":{\"@id\":\"https:\/\/www.couch-connections.com\/de\/#\/schema\/person\/fc878010629408efb40cce1672a0858d\"},\"potentialAction\":[{\"@type\":\"SearchAction\",\"target\":{\"@type\":\"EntryPoint\",\"urlTemplate\":\"https:\/\/www.couch-connections.com\/de\/?s={search_term_string}\"},\"query-input\":{\"@type\":\"PropertyValueSpecification\",\"valueRequired\":true,\"valueName\":\"search_term_string\"}}],\"inLanguage\":\"de\"},{\"@type\":[\"Person\",\"Organization\"],\"@id\":\"https:\/\/www.couch-connections.com\/de\/#\/schema\/person\/fc878010629408efb40cce1672a0858d\",\"name\":\"Christoph Pehofer\",\"logo\":{\"@id\":\"https:\/\/www.couch-connections.com\/de\/#\/schema\/person\/image\/\"},\"sameAs\":[\"https:\/\/www.couch-connections.com\",\"https:\/\/www.facebook.com\/couchconnections\/\",\"https:\/\/www.instagram.com\/couchconnections\/\",\"https:\/\/www.youtube.com\/channel\/UC7MXovFcq_ZhtS7g8mkYiaw\"]}]}<\/script>\n<!-- \/ Yoast SEO plugin. -->","yoast_head_json":{"title":"\u00dcber mich - Couch Connections - A Documentary about Couchsurfing","robots":{"index":"index","follow":"follow","max-snippet":"max-snippet:-1","max-image-preview":"max-image-preview:large","max-video-preview":"max-video-preview:-1"},"canonical":"https:\/\/www.couch-connections.com\/de\/uber-mich\/","og_locale":"de_DE","og_type":"article","og_title":"\u00dcber mich - Couch Connections - A Documentary about Couchsurfing","og_description":"Ich habe genug von Vorurteilen geh\u00f6rt und m\u00f6chte mit meinem Film zeigen, dass wir alle gleich sind und uns gegenseitig vertrauen k\u00f6nnen &#8211; egal woher wir kommen oder welche Hautfarbe, Religion, welches biologische oder soziale Geschlecht wir haben! Mit diesem Film m\u00f6chte ich beweisen, dass die Welt kein b\u00f6ser Ort ist, sondern dass hier wunderbare [&hellip;]","og_url":"https:\/\/www.couch-connections.com\/de\/uber-mich\/","og_site_name":"Couch Connections","article_publisher":"https:\/\/www.facebook.com\/couchconnections\/","article_modified_time":"2019-04-01T09:46:01+00:00","og_image":[{"width":1024,"height":576,"url":"https:\/\/www.couch-connections.com\/wp-content\/uploads\/2019\/04\/Hauptbild_Blur-1024x576.jpg","type":"image\/jpeg"}],"twitter_card":"summary_large_image","twitter_misc":{"Gesch\u00e4tzte Lesezeit":"1\u00a0Minute"},"schema":{"@context":"https:\/\/schema.org","@graph":[{"@type":"WebPage","@id":"https:\/\/www.couch-connections.com\/de\/uber-mich\/","url":"https:\/\/www.couch-connections.com\/de\/uber-mich\/","name":"\u00dcber mich - Couch Connections - A Documentary about Couchsurfing","isPartOf":{"@id":"https:\/\/www.couch-connections.com\/de\/#website"},"primaryImageOfPage":{"@id":"https:\/\/www.couch-connections.com\/de\/uber-mich\/#primaryimage"},"image":{"@id":"https:\/\/www.couch-connections.com\/de\/uber-mich\/#primaryimage"},"thumbnailUrl":"https:\/\/www.couch-connections.com\/wp-content\/uploads\/2019\/04\/Hauptbild_Blur.jpg","datePublished":"2019-03-29T10:56:16+00:00","dateModified":"2019-04-01T09:46:01+00:00","breadcrumb":{"@id":"https:\/\/www.couch-connections.com\/de\/uber-mich\/#breadcrumb"},"inLanguage":"de","potentialAction":[{"@type":"ReadAction","target":["https:\/\/www.couch-connections.com\/de\/uber-mich\/"]}]},{"@type":"ImageObject","inLanguage":"de","@id":"https:\/\/www.couch-connections.com\/de\/uber-mich\/#primaryimage","url":"https:\/\/www.couch-connections.com\/wp-content\/uploads\/2019\/04\/Hauptbild_Blur.jpg","contentUrl":"https:\/\/www.couch-connections.com\/wp-content\/uploads\/2019\/04\/Hauptbild_Blur.jpg","width":6000,"height":3376,"caption":"top"},{"@type":"BreadcrumbList","@id":"https:\/\/www.couch-connections.com\/de\/uber-mich\/#breadcrumb","itemListElement":[{"@type":"ListItem","position":1,"name":"Home","item":"https:\/\/www.couch-connections.com\/de\/"},{"@type":"ListItem","position":2,"name":"\u00dcber mich"}]},{"@type":"WebSite","@id":"https:\/\/www.couch-connections.com\/de\/#website","url":"https:\/\/www.couch-connections.com\/de\/","name":"Couch Connections","description":"A Documentary about Couchsurfing","publisher":{"@id":"https:\/\/www.couch-connections.com\/de\/#\/schema\/person\/fc878010629408efb40cce1672a0858d"},"potentialAction":[{"@type":"SearchAction","target":{"@type":"EntryPoint","urlTemplate":"https:\/\/www.couch-connections.com\/de\/?s={search_term_string}"},"query-input":{"@type":"PropertyValueSpecification","valueRequired":true,"valueName":"search_term_string"}}],"inLanguage":"de"},{"@type":["Person","Organization"],"@id":"https:\/\/www.couch-connections.com\/de\/#\/schema\/person\/fc878010629408efb40cce1672a0858d","name":"Christoph Pehofer","logo":{"@id":"https:\/\/www.couch-connections.com\/de\/#\/schema\/person\/image\/"},"sameAs":["https:\/\/www.couch-connections.com","https:\/\/www.facebook.com\/couchconnections\/","https:\/\/www.instagram.com\/couchconnections\/","https:\/\/www.youtube.com\/channel\/UC7MXovFcq_ZhtS7g8mkYiaw"]}]}},"_links":{"self":[{"href":"https:\/\/www.couch-connections.com\/de\/wp-json\/wp\/v2\/pages\/733","targetHints":{"allow":["GET"]}}],"collection":[{"href":"https:\/\/www.couch-connections.com\/de\/wp-json\/wp\/v2\/pages"}],"about":[{"href":"https:\/\/www.couch-connections.com\/de\/wp-json\/wp\/v2\/types\/page"}],"author":[{"embeddable":true,"href":"https:\/\/www.couch-connections.com\/de\/wp-json\/wp\/v2\/users\/1"}],"replies":[{"embeddable":true,"href":"https:\/\/www.couch-connections.com\/de\/wp-json\/wp\/v2\/comments?post=733"}],"version-history":[{"count":5,"href":"https:\/\/www.couch-connections.com\/de\/wp-json\/wp\/v2\/pages\/733\/revisions"}],"predecessor-version":[{"id":793,"href":"https:\/\/www.couch-connections.com\/de\/wp-json\/wp\/v2\/pages\/733\/revisions\/793"}],"wp:featuredmedia":[{"embeddable":true,"href":"https:\/\/www.couch-connections.com\/de\/wp-json\/wp\/v2\/media\/780"}],"wp:attachment":[{"href":"https:\/\/www.couch-connections.com\/de\/wp-json\/wp\/v2\/media?parent=733"}],"curies":[{"name":"wp","href":"https:\/\/api.w.org\/{rel}","templated":true}]}}