{"id":645,"date":"2019-03-27T12:17:35","date_gmt":"2019-03-27T11:17:35","guid":{"rendered":"http:\/\/neu.couch-connections.com\/?page_id=645"},"modified":"2019-04-01T12:02:22","modified_gmt":"2019-04-01T10:02:22","slug":"hosts","status":"publish","type":"page","link":"https:\/\/www.couch-connections.com\/de\/hosts\/","title":{"rendered":"Hosts"},"content":{"rendered":"\n<p>Eine Weltreise zu machen, bei der man haupts\u00e4chlich auf fremden Sofas schl\u00e4ft, hat rein gar nichts mit Anspr\u00fcchen, hohen Erwartungen und Komfort zu tun. Die einzige Motivation ist es, Verbindungen mit m\u00f6glichst vielf\u00e4ltigen Menschen aus aller Welt zu kn\u00fcpfen &#8211; und dabei ein Dach \u00fcber dem Kopf zu bekommen. Es ist auch der Anreiz, in fremde Kulturen einzutauchen und deren Lebensweise kennenzulernen. Die Aufgeschlossenheit gegen\u00fcber dem Ungewissen bereitet die eigentliche Freude und bietet jedes Mal aufs Neue eine \u00dcberraschung.<\/p>\n","protected":false},"excerpt":{"rendered":"<p>Eine Weltreise zu machen, bei der man haupts\u00e4chlich auf fremden Sofas schl\u00e4ft, hat rein gar nichts mit Anspr\u00fcchen, hohen Erwartungen und Komfort zu tun. Die einzige Motivation ist es, Verbindungen mit m\u00f6glichst vielf\u00e4ltigen Menschen aus aller Welt zu kn\u00fcpfen &#8211; und dabei ein Dach \u00fcber dem Kopf zu bekommen. Es ist auch der Anreiz, in [&hellip;]<\/p>\n","protected":false},"author":1,"featured_media":699,"parent":0,"menu_order":0,"comment_status":"closed","ping_status":"closed","template":"page-hosts.php","meta":{"_acf_changed":false,"inline_featured_image":false,"footnotes":""},"class_list":["post-645","page","type-page","status-publish","has-post-thumbnail","hentry"],"acf":[],"yoast_head":"<!-- This site is optimized with the Yoast SEO plugin v24.5 - https:\/\/yoast.com\/wordpress\/plugins\/seo\/ -->\n<title>Hosts - Couch Connections - A Documentary about Couchsurfing<\/title>\n<meta name=\"robots\" content=\"index, follow, max-snippet:-1, max-image-preview:large, max-video-preview:-1\" \/>\n<link rel=\"canonical\" href=\"https:\/\/www.couch-connections.com\/de\/hosts\/\" \/>\n<meta property=\"og:locale\" content=\"de_DE\" \/>\n<meta property=\"og:type\" content=\"article\" \/>\n<meta property=\"og:title\" content=\"Hosts - Couch Connections - A Documentary about Couchsurfing\" \/>\n<meta property=\"og:description\" content=\"Eine Weltreise zu machen, bei der man haupts\u00e4chlich auf fremden Sofas schl\u00e4ft, hat rein gar nichts mit Anspr\u00fcchen, hohen Erwartungen und Komfort zu tun. Die einzige Motivation ist es, Verbindungen mit m\u00f6glichst vielf\u00e4ltigen Menschen aus aller Welt zu kn\u00fcpfen &#8211; und dabei ein Dach \u00fcber dem Kopf zu bekommen. Es ist auch der Anreiz, in [&hellip;]\" \/>\n<meta property=\"og:url\" content=\"https:\/\/www.couch-connections.com\/de\/hosts\/\" \/>\n<meta property=\"og:site_name\" content=\"Couch Connections\" \/>\n<meta property=\"article:publisher\" content=\"https:\/\/www.facebook.com\/couchconnections\/\" \/>\n<meta property=\"article:modified_time\" content=\"2019-04-01T10:02:22+00:00\" \/>\n<meta property=\"og:image\" content=\"https:\/\/www.couch-connections.com\/wp-content\/uploads\/2019\/03\/IMG-20180501-WA0006.jpg\" \/>\n\t<meta property=\"og:image:width\" content=\"1600\" \/>\n\t<meta property=\"og:image:height\" content=\"1067\" \/>\n\t<meta property=\"og:image:type\" content=\"image\/jpeg\" \/>\n<meta name=\"twitter:card\" content=\"summary_large_image\" \/>\n<script type=\"application\/ld+json\" class=\"yoast-schema-graph\">{\"@context\":\"https:\/\/schema.org\",\"@graph\":[{\"@type\":\"WebPage\",\"@id\":\"https:\/\/www.couch-connections.com\/de\/hosts\/\",\"url\":\"https:\/\/www.couch-connections.com\/de\/hosts\/\",\"name\":\"Hosts - Couch Connections - A Documentary about Couchsurfing\",\"isPartOf\":{\"@id\":\"https:\/\/www.couch-connections.com\/de\/#website\"},\"primaryImageOfPage\":{\"@id\":\"https:\/\/www.couch-connections.com\/de\/hosts\/#primaryimage\"},\"image\":{\"@id\":\"https:\/\/www.couch-connections.com\/de\/hosts\/#primaryimage\"},\"thumbnailUrl\":\"https:\/\/www.couch-connections.com\/wp-content\/uploads\/2019\/03\/IMG-20180501-WA0006.jpg\",\"datePublished\":\"2019-03-27T11:17:35+00:00\",\"dateModified\":\"2019-04-01T10:02:22+00:00\",\"breadcrumb\":{\"@id\":\"https:\/\/www.couch-connections.com\/de\/hosts\/#breadcrumb\"},\"inLanguage\":\"de\",\"potentialAction\":[{\"@type\":\"ReadAction\",\"target\":[\"https:\/\/www.couch-connections.com\/de\/hosts\/\"]}]},{\"@type\":\"ImageObject\",\"inLanguage\":\"de\",\"@id\":\"https:\/\/www.couch-connections.com\/de\/hosts\/#primaryimage\",\"url\":\"https:\/\/www.couch-connections.com\/wp-content\/uploads\/2019\/03\/IMG-20180501-WA0006.jpg\",\"contentUrl\":\"https:\/\/www.couch-connections.com\/wp-content\/uploads\/2019\/03\/IMG-20180501-WA0006.jpg\",\"width\":1600,\"height\":1067},{\"@type\":\"BreadcrumbList\",\"@id\":\"https:\/\/www.couch-connections.com\/de\/hosts\/#breadcrumb\",\"itemListElement\":[{\"@type\":\"ListItem\",\"position\":1,\"name\":\"Home\",\"item\":\"https:\/\/www.couch-connections.com\/de\/\"},{\"@type\":\"ListItem\",\"position\":2,\"name\":\"Hosts\"}]},{\"@type\":\"WebSite\",\"@id\":\"https:\/\/www.couch-connections.com\/de\/#website\",\"url\":\"https:\/\/www.couch-connections.com\/de\/\",\"name\":\"Couch Connections\",\"description\":\"A Documentary about Couchsurfing\",\"publisher\":{\"@id\":\"https:\/\/www.couch-connections.com\/de\/#\/schema\/person\/fc878010629408efb40cce1672a0858d\"},\"potentialAction\":[{\"@type\":\"SearchAction\",\"target\":{\"@type\":\"EntryPoint\",\"urlTemplate\":\"https:\/\/www.couch-connections.com\/de\/?s={search_term_string}\"},\"query-input\":{\"@type\":\"PropertyValueSpecification\",\"valueRequired\":true,\"valueName\":\"search_term_string\"}}],\"inLanguage\":\"de\"},{\"@type\":[\"Person\",\"Organization\"],\"@id\":\"https:\/\/www.couch-connections.com\/de\/#\/schema\/person\/fc878010629408efb40cce1672a0858d\",\"name\":\"Christoph Pehofer\",\"logo\":{\"@id\":\"https:\/\/www.couch-connections.com\/de\/#\/schema\/person\/image\/\"},\"sameAs\":[\"https:\/\/www.couch-connections.com\",\"https:\/\/www.facebook.com\/couchconnections\/\",\"https:\/\/www.instagram.com\/couchconnections\/\",\"https:\/\/www.youtube.com\/channel\/UC7MXovFcq_ZhtS7g8mkYiaw\"]}]}<\/script>\n<!-- \/ Yoast SEO plugin. -->","yoast_head_json":{"title":"Hosts - Couch Connections - A Documentary about Couchsurfing","robots":{"index":"index","follow":"follow","max-snippet":"max-snippet:-1","max-image-preview":"max-image-preview:large","max-video-preview":"max-video-preview:-1"},"canonical":"https:\/\/www.couch-connections.com\/de\/hosts\/","og_locale":"de_DE","og_type":"article","og_title":"Hosts - Couch Connections - A Documentary about Couchsurfing","og_description":"Eine Weltreise zu machen, bei der man haupts\u00e4chlich auf fremden Sofas schl\u00e4ft, hat rein gar nichts mit Anspr\u00fcchen, hohen Erwartungen und Komfort zu tun. Die einzige Motivation ist es, Verbindungen mit m\u00f6glichst vielf\u00e4ltigen Menschen aus aller Welt zu kn\u00fcpfen &#8211; und dabei ein Dach \u00fcber dem Kopf zu bekommen. Es ist auch der Anreiz, in [&hellip;]","og_url":"https:\/\/www.couch-connections.com\/de\/hosts\/","og_site_name":"Couch Connections","article_publisher":"https:\/\/www.facebook.com\/couchconnections\/","article_modified_time":"2019-04-01T10:02:22+00:00","og_image":[{"width":1600,"height":1067,"url":"https:\/\/www.couch-connections.com\/wp-content\/uploads\/2019\/03\/IMG-20180501-WA0006.jpg","type":"image\/jpeg"}],"twitter_card":"summary_large_image","schema":{"@context":"https:\/\/schema.org","@graph":[{"@type":"WebPage","@id":"https:\/\/www.couch-connections.com\/de\/hosts\/","url":"https:\/\/www.couch-connections.com\/de\/hosts\/","name":"Hosts - Couch Connections - A Documentary about Couchsurfing","isPartOf":{"@id":"https:\/\/www.couch-connections.com\/de\/#website"},"primaryImageOfPage":{"@id":"https:\/\/www.couch-connections.com\/de\/hosts\/#primaryimage"},"image":{"@id":"https:\/\/www.couch-connections.com\/de\/hosts\/#primaryimage"},"thumbnailUrl":"https:\/\/www.couch-connections.com\/wp-content\/uploads\/2019\/03\/IMG-20180501-WA0006.jpg","datePublished":"2019-03-27T11:17:35+00:00","dateModified":"2019-04-01T10:02:22+00:00","breadcrumb":{"@id":"https:\/\/www.couch-connections.com\/de\/hosts\/#breadcrumb"},"inLanguage":"de","potentialAction":[{"@type":"ReadAction","target":["https:\/\/www.couch-connections.com\/de\/hosts\/"]}]},{"@type":"ImageObject","inLanguage":"de","@id":"https:\/\/www.couch-connections.com\/de\/hosts\/#primaryimage","url":"https:\/\/www.couch-connections.com\/wp-content\/uploads\/2019\/03\/IMG-20180501-WA0006.jpg","contentUrl":"https:\/\/www.couch-connections.com\/wp-content\/uploads\/2019\/03\/IMG-20180501-WA0006.jpg","width":1600,"height":1067},{"@type":"BreadcrumbList","@id":"https:\/\/www.couch-connections.com\/de\/hosts\/#breadcrumb","itemListElement":[{"@type":"ListItem","position":1,"name":"Home","item":"https:\/\/www.couch-connections.com\/de\/"},{"@type":"ListItem","position":2,"name":"Hosts"}]},{"@type":"WebSite","@id":"https:\/\/www.couch-connections.com\/de\/#website","url":"https:\/\/www.couch-connections.com\/de\/","name":"Couch Connections","description":"A Documentary about Couchsurfing","publisher":{"@id":"https:\/\/www.couch-connections.com\/de\/#\/schema\/person\/fc878010629408efb40cce1672a0858d"},"potentialAction":[{"@type":"SearchAction","target":{"@type":"EntryPoint","urlTemplate":"https:\/\/www.couch-connections.com\/de\/?s={search_term_string}"},"query-input":{"@type":"PropertyValueSpecification","valueRequired":true,"valueName":"search_term_string"}}],"inLanguage":"de"},{"@type":["Person","Organization"],"@id":"https:\/\/www.couch-connections.com\/de\/#\/schema\/person\/fc878010629408efb40cce1672a0858d","name":"Christoph Pehofer","logo":{"@id":"https:\/\/www.couch-connections.com\/de\/#\/schema\/person\/image\/"},"sameAs":["https:\/\/www.couch-connections.com","https:\/\/www.facebook.com\/couchconnections\/","https:\/\/www.instagram.com\/couchconnections\/","https:\/\/www.youtube.com\/channel\/UC7MXovFcq_ZhtS7g8mkYiaw"]}]}},"_links":{"self":[{"href":"https:\/\/www.couch-connections.com\/de\/wp-json\/wp\/v2\/pages\/645","targetHints":{"allow":["GET"]}}],"collection":[{"href":"https:\/\/www.couch-connections.com\/de\/wp-json\/wp\/v2\/pages"}],"about":[{"href":"https:\/\/www.couch-connections.com\/de\/wp-json\/wp\/v2\/types\/page"}],"author":[{"embeddable":true,"href":"https:\/\/www.couch-connections.com\/de\/wp-json\/wp\/v2\/users\/1"}],"replies":[{"embeddable":true,"href":"https:\/\/www.couch-connections.com\/de\/wp-json\/wp\/v2\/comments?post=645"}],"version-history":[{"count":10,"href":"https:\/\/www.couch-connections.com\/de\/wp-json\/wp\/v2\/pages\/645\/revisions"}],"predecessor-version":[{"id":806,"href":"https:\/\/www.couch-connections.com\/de\/wp-json\/wp\/v2\/pages\/645\/revisions\/806"}],"wp:featuredmedia":[{"embeddable":true,"href":"https:\/\/www.couch-connections.com\/de\/wp-json\/wp\/v2\/media\/699"}],"wp:attachment":[{"href":"https:\/\/www.couch-connections.com\/de\/wp-json\/wp\/v2\/media?parent=645"}],"curies":[{"name":"wp","href":"https:\/\/api.w.org\/{rel}","templated":true}]}}