{"id":1187,"date":"2020-03-20T11:09:04","date_gmt":"2020-03-20T10:09:04","guid":{"rendered":"https:\/\/www.couch-connections.com\/?page_id=1187"},"modified":"2023-07-14T11:25:39","modified_gmt":"2023-07-14T09:25:39","slug":"stream","status":"publish","type":"page","link":"https:\/\/www.couch-connections.com\/de\/stream\/","title":{"rendered":"Stream"},"content":{"rendered":"\n<p>Schau dir Couch Connections ganz bequem von deiner Couch aus an. Der Film ist nun als Stream erh\u00e4ltlich auf <strong><a rel=\"noreferrer noopener\" href=\"https:\/\/www.amazon.de\/Couch-Connections-Christoph-Pehofer\/dp\/B0B77JXVXH\/ref=sr_1_1?__mk_de_DE=\u00c5M\u00c5\u017d\u00d5\u00d1&amp;crid=1YK025LYEACXG&amp;keywords=couch+connections&amp;qid=1663606834&amp;s=instant-video&amp;sprefix=couch+connections%2Cinstant-video%2C420&amp;sr=1-1\" target=\"_blank\">Prime Video<\/a><\/strong> in Deutschland, \u00d6sterreich, UK und US, auf <strong><a href=\"https:\/\/www.joyn.at\/filme\/couch-connections\" target=\"_blank\" rel=\"noreferrer noopener\">JOYN.AT<\/a><\/strong> in \u00d6sterreich und weltweit auf <a href=\"https:\/\/vimeo.com\/ondemand\/couchconnections\/399492561\" target=\"_blank\" rel=\"noreferrer noopener\"><strong>Vimeo<\/strong><\/a>, <strong><a rel=\"noreferrer noopener\" href=\"https:\/\/www.youtube.com\/watch?v=pT1iSYvydBU\" target=\"_blank\">Youtube<\/a><\/strong>, <strong><a rel=\"noreferrer noopener\" href=\"https:\/\/tv.apple.com\/de\/movie\/couch-connections\/umc.cmc.3e4l9u4vnsz3or7245z3642tx?at=1000l36j7&amp;ct=kc&amp;playableId=tvs.sbd.9001%3A1636917902\" target=\"_blank\">AppleTV<\/a><\/strong> und <strong><a rel=\"noreferrer noopener\" href=\"https:\/\/play.google.com\/store\/movies\/details?id=j0lrwdKeJAg.P&amp;hl=de&amp;gl=DE\" target=\"_blank\">Google Play<\/a><\/strong>.<\/p>\n\n\n\n<p>Streame den Film auf folgenden Plattformen:<\/p>\n\n\n\n<figure class=\"wp-block-image size-large is-resized\"><a href=\"https:\/\/www.amazon.de\/Couch-Connections-Christoph-Pehofer\/dp\/B0B77JXVXH\/ref=sr_1_1?__mk_de_DE=\u00c5M\u00c5\u017d\u00d5\u00d1&amp;crid=1YK025LYEACXG&amp;keywords=couch+connections&amp;qid=1663606834&amp;s=instant-video&amp;sprefix=couch+connections%2Cinstant-video%2C420&amp;sr=1-1\" target=\"_blank\" rel=\"noopener noreferrer\"><img loading=\"lazy\" decoding=\"async\" src=\"https:\/\/www.couch-connections.com\/wp-content\/uploads\/2022\/09\/Amazon_Prime_Video_logo.svg-1-1024x315.png\" alt=\"\" class=\"wp-image-1832\" width=\"117\" height=\"36\" srcset=\"https:\/\/www.couch-connections.com\/wp-content\/uploads\/2022\/09\/Amazon_Prime_Video_logo.svg-1-1024x315.png 1024w, https:\/\/www.couch-connections.com\/wp-content\/uploads\/2022\/09\/Amazon_Prime_Video_logo.svg-1-300x92.png 300w, https:\/\/www.couch-connections.com\/wp-content\/uploads\/2022\/09\/Amazon_Prime_Video_logo.svg-1-768x236.png 768w, https:\/\/www.couch-connections.com\/wp-content\/uploads\/2022\/09\/Amazon_Prime_Video_logo.svg-1-1536x472.png 1536w, https:\/\/www.couch-connections.com\/wp-content\/uploads\/2022\/09\/Amazon_Prime_Video_logo.svg-1-2048x630.png 2048w, https:\/\/www.couch-connections.com\/wp-content\/uploads\/2022\/09\/Amazon_Prime_Video_logo.svg-1-1800x553.png 1800w\" sizes=\"auto, (max-width: 117px) 100vw, 117px\" \/><\/a><\/figure>\n\n\n\n<figure class=\"wp-block-image size-large is-resized\"><a href=\"https:\/\/www.youtube.com\/watch?v=pT1iSYvydBU\" target=\"_blank\" rel=\"noopener noreferrer\"><img loading=\"lazy\" decoding=\"async\" src=\"https:\/\/www.couch-connections.com\/wp-content\/uploads\/2022\/09\/youtube-3.png\" alt=\"\" class=\"wp-image-1834\" width=\"125\" height=\"28\" srcset=\"https:\/\/www.couch-connections.com\/wp-content\/uploads\/2022\/09\/youtube-3.png 475w, https:\/\/www.couch-connections.com\/wp-content\/uploads\/2022\/09\/youtube-3-300x67.png 300w\" sizes=\"auto, (max-width: 125px) 100vw, 125px\" \/><\/a><\/figure>\n\n\n\n<figure class=\"wp-block-image size-large is-resized\"><a href=\"https:\/\/www.joyn.at\/filme\/couch-connections\"><img loading=\"lazy\" decoding=\"async\" src=\"https:\/\/www.couch-connections.com\/wp-content\/uploads\/2023\/07\/Joyn-1.png\" alt=\"\" class=\"wp-image-1870\" width=\"77\" height=\"77\" srcset=\"https:\/\/www.couch-connections.com\/wp-content\/uploads\/2023\/07\/Joyn-1.png 512w, https:\/\/www.couch-connections.com\/wp-content\/uploads\/2023\/07\/Joyn-1-300x300.png 300w, https:\/\/www.couch-connections.com\/wp-content\/uploads\/2023\/07\/Joyn-1-150x150.png 150w\" sizes=\"auto, (max-width: 77px) 100vw, 77px\" \/><\/a><\/figure>\n\n\n\n<figure class=\"wp-block-image size-large is-resized\"><a href=\"https:\/\/vimeo.com\/ondemand\/couchconnections\/399435963\" target=\"_blank\" rel=\"noopener noreferrer\"><img loading=\"lazy\" decoding=\"async\" src=\"https:\/\/www.couch-connections.com\/wp-content\/uploads\/2023\/07\/vimeo-live-streaming-2.jpg\" alt=\"\" class=\"wp-image-1884\" width=\"119\" height=\"66\" srcset=\"https:\/\/www.couch-connections.com\/wp-content\/uploads\/2023\/07\/vimeo-live-streaming-2.jpg 1000w, https:\/\/www.couch-connections.com\/wp-content\/uploads\/2023\/07\/vimeo-live-streaming-2-300x169.jpg 300w, https:\/\/www.couch-connections.com\/wp-content\/uploads\/2023\/07\/vimeo-live-streaming-2-768x432.jpg 768w\" sizes=\"auto, (max-width: 119px) 100vw, 119px\" \/><\/a><\/figure>\n\n\n\n<figure class=\"wp-block-image size-large is-resized\"><a href=\"https:\/\/tv.apple.com\/de\/movie\/couch-connections\/umc.cmc.3e4l9u4vnsz3or7245z3642tx?at=1000l36j7&amp;ct=kc&amp;playableId=tvs.sbd.9001%3A1636917902\" target=\"_blank\" rel=\"noopener noreferrer\"><img loading=\"lazy\" decoding=\"async\" src=\"https:\/\/www.couch-connections.com\/wp-content\/uploads\/2022\/09\/831381-5.png\" alt=\"\" class=\"wp-image-1836\" width=\"71\" height=\"71\" srcset=\"https:\/\/www.couch-connections.com\/wp-content\/uploads\/2022\/09\/831381-5.png 512w, https:\/\/www.couch-connections.com\/wp-content\/uploads\/2022\/09\/831381-5-300x300.png 300w, https:\/\/www.couch-connections.com\/wp-content\/uploads\/2022\/09\/831381-5-150x150.png 150w\" sizes=\"auto, (max-width: 71px) 100vw, 71px\" \/><\/a><\/figure>\n\n\n\n<figure class=\"wp-block-image size-large is-resized\"><a href=\"https:\/\/play.google.com\/store\/movies\/details?id=j0lrwdKeJAg.P&amp;hl=de&amp;gl=DE\" target=\"_blank\" rel=\"noopener noreferrer\"><img loading=\"lazy\" decoding=\"async\" src=\"https:\/\/www.couch-connections.com\/wp-content\/uploads\/2022\/09\/googleplayalt-5.jpg\" alt=\"\" class=\"wp-image-1838\" width=\"129\" height=\"85\" srcset=\"https:\/\/www.couch-connections.com\/wp-content\/uploads\/2022\/09\/googleplayalt-5.jpg 616w, https:\/\/www.couch-connections.com\/wp-content\/uploads\/2022\/09\/googleplayalt-5-300x200.jpg 300w\" sizes=\"auto, (max-width: 129px) 100vw, 129px\" \/><\/a><\/figure>\n\n\n\n<p>Oder leihe\/kaufe den Film auf <strong>VOD Club<\/strong> und du kannst mit deinem Stream ein <strong>\u00f6sterreichisches Kino deiner Wahl unterst\u00fctzen<\/strong>.<\/p>\n\n\n\n<div class=\"text-center\">\n<a href=\"https:\/\/www.vodclub.online\/film\/couch-connections\/\" class=\"button cta\">Auf VOD Club leihen\/kaufen<\/a>\n<\/div>\n\n\n\n<p><\/p>\n\n\n\n<div class=\"wp-embed-aspect-16-9 mt-5\">\n<iframe loading=\"lazy\" src=\"https:\/\/player.vimeo.com\/video\/399492561\" allow=\"autoplay; fullscreen\" allowfullscreen=\"\" width=\"640\" height=\"360\" frameborder=\"0\"><\/iframe>\n<\/div>\n\n\n\n<p><\/p>\n","protected":false},"excerpt":{"rendered":"<p>Schau dir Couch Connections ganz bequem von deiner Couch aus an. Der Film ist nun als Stream erh\u00e4ltlich auf Prime Video in Deutschland, \u00d6sterreich, UK und US, auf JOYN.AT in \u00d6sterreich und weltweit auf Vimeo, Youtube, AppleTV und Google Play. Streame den Film auf folgenden Plattformen: Oder leihe\/kaufe den Film auf VOD Club und du [&hellip;]<\/p>\n","protected":false},"author":1,"featured_media":1082,"parent":0,"menu_order":0,"comment_status":"closed","ping_status":"closed","template":"","meta":{"_acf_changed":false,"inline_featured_image":false,"footnotes":""},"class_list":["post-1187","page","type-page","status-publish","has-post-thumbnail","hentry"],"acf":[],"yoast_head":"<!-- This site is optimized with the Yoast SEO plugin v24.5 - https:\/\/yoast.com\/wordpress\/plugins\/seo\/ -->\n<title>Stream - Couch Connections - A Documentary about Couchsurfing<\/title>\n<meta name=\"robots\" content=\"index, follow, max-snippet:-1, max-image-preview:large, max-video-preview:-1\" \/>\n<link rel=\"canonical\" href=\"https:\/\/www.couch-connections.com\/de\/stream\/\" \/>\n<meta property=\"og:locale\" content=\"de_DE\" \/>\n<meta property=\"og:type\" content=\"article\" \/>\n<meta property=\"og:title\" content=\"Stream - Couch Connections - A Documentary about Couchsurfing\" \/>\n<meta property=\"og:description\" content=\"Schau dir Couch Connections ganz bequem von deiner Couch aus an. Der Film ist nun als Stream erh\u00e4ltlich auf Prime Video in Deutschland, \u00d6sterreich, UK und US, auf JOYN.AT in \u00d6sterreich und weltweit auf Vimeo, Youtube, AppleTV und Google Play. Streame den Film auf folgenden Plattformen: Oder leihe\/kaufe den Film auf VOD Club und du [&hellip;]\" \/>\n<meta property=\"og:url\" content=\"https:\/\/www.couch-connections.com\/de\/stream\/\" \/>\n<meta property=\"og:site_name\" content=\"Couch Connections\" \/>\n<meta property=\"article:publisher\" content=\"https:\/\/www.facebook.com\/couchconnections\/\" \/>\n<meta property=\"article:modified_time\" content=\"2023-07-14T09:25:39+00:00\" \/>\n<meta property=\"og:image\" content=\"https:\/\/www.couch-connections.com\/wp-content\/uploads\/2020\/02\/38-IMG_1521.jpg\" \/>\n\t<meta property=\"og:image:width\" content=\"2048\" \/>\n\t<meta property=\"og:image:height\" content=\"1365\" \/>\n\t<meta property=\"og:image:type\" content=\"image\/jpeg\" \/>\n<meta name=\"twitter:card\" content=\"summary_large_image\" \/>\n<script type=\"application\/ld+json\" class=\"yoast-schema-graph\">{\"@context\":\"https:\/\/schema.org\",\"@graph\":[{\"@type\":\"WebPage\",\"@id\":\"https:\/\/www.couch-connections.com\/de\/stream\/\",\"url\":\"https:\/\/www.couch-connections.com\/de\/stream\/\",\"name\":\"Stream - Couch Connections - A Documentary about Couchsurfing\",\"isPartOf\":{\"@id\":\"https:\/\/www.couch-connections.com\/de\/#website\"},\"primaryImageOfPage\":{\"@id\":\"https:\/\/www.couch-connections.com\/de\/stream\/#primaryimage\"},\"image\":{\"@id\":\"https:\/\/www.couch-connections.com\/de\/stream\/#primaryimage\"},\"thumbnailUrl\":\"https:\/\/www.couch-connections.com\/wp-content\/uploads\/2020\/02\/38-IMG_1521.jpg\",\"datePublished\":\"2020-03-20T10:09:04+00:00\",\"dateModified\":\"2023-07-14T09:25:39+00:00\",\"breadcrumb\":{\"@id\":\"https:\/\/www.couch-connections.com\/de\/stream\/#breadcrumb\"},\"inLanguage\":\"de\",\"potentialAction\":[{\"@type\":\"ReadAction\",\"target\":[\"https:\/\/www.couch-connections.com\/de\/stream\/\"]}]},{\"@type\":\"ImageObject\",\"inLanguage\":\"de\",\"@id\":\"https:\/\/www.couch-connections.com\/de\/stream\/#primaryimage\",\"url\":\"https:\/\/www.couch-connections.com\/wp-content\/uploads\/2020\/02\/38-IMG_1521.jpg\",\"contentUrl\":\"https:\/\/www.couch-connections.com\/wp-content\/uploads\/2020\/02\/38-IMG_1521.jpg\",\"width\":2048,\"height\":1365},{\"@type\":\"BreadcrumbList\",\"@id\":\"https:\/\/www.couch-connections.com\/de\/stream\/#breadcrumb\",\"itemListElement\":[{\"@type\":\"ListItem\",\"position\":1,\"name\":\"Home\",\"item\":\"https:\/\/www.couch-connections.com\/de\/\"},{\"@type\":\"ListItem\",\"position\":2,\"name\":\"Stream\"}]},{\"@type\":\"WebSite\",\"@id\":\"https:\/\/www.couch-connections.com\/de\/#website\",\"url\":\"https:\/\/www.couch-connections.com\/de\/\",\"name\":\"Couch Connections\",\"description\":\"A Documentary about Couchsurfing\",\"publisher\":{\"@id\":\"https:\/\/www.couch-connections.com\/de\/#\/schema\/person\/fc878010629408efb40cce1672a0858d\"},\"potentialAction\":[{\"@type\":\"SearchAction\",\"target\":{\"@type\":\"EntryPoint\",\"urlTemplate\":\"https:\/\/www.couch-connections.com\/de\/?s={search_term_string}\"},\"query-input\":{\"@type\":\"PropertyValueSpecification\",\"valueRequired\":true,\"valueName\":\"search_term_string\"}}],\"inLanguage\":\"de\"},{\"@type\":[\"Person\",\"Organization\"],\"@id\":\"https:\/\/www.couch-connections.com\/de\/#\/schema\/person\/fc878010629408efb40cce1672a0858d\",\"name\":\"Christoph Pehofer\",\"logo\":{\"@id\":\"https:\/\/www.couch-connections.com\/de\/#\/schema\/person\/image\/\"},\"sameAs\":[\"https:\/\/www.couch-connections.com\",\"https:\/\/www.facebook.com\/couchconnections\/\",\"https:\/\/www.instagram.com\/couchconnections\/\",\"https:\/\/www.youtube.com\/channel\/UC7MXovFcq_ZhtS7g8mkYiaw\"]}]}<\/script>\n<!-- \/ Yoast SEO plugin. -->","yoast_head_json":{"title":"Stream - Couch Connections - A Documentary about Couchsurfing","robots":{"index":"index","follow":"follow","max-snippet":"max-snippet:-1","max-image-preview":"max-image-preview:large","max-video-preview":"max-video-preview:-1"},"canonical":"https:\/\/www.couch-connections.com\/de\/stream\/","og_locale":"de_DE","og_type":"article","og_title":"Stream - Couch Connections - A Documentary about Couchsurfing","og_description":"Schau dir Couch Connections ganz bequem von deiner Couch aus an. Der Film ist nun als Stream erh\u00e4ltlich auf Prime Video in Deutschland, \u00d6sterreich, UK und US, auf JOYN.AT in \u00d6sterreich und weltweit auf Vimeo, Youtube, AppleTV und Google Play. Streame den Film auf folgenden Plattformen: Oder leihe\/kaufe den Film auf VOD Club und du [&hellip;]","og_url":"https:\/\/www.couch-connections.com\/de\/stream\/","og_site_name":"Couch Connections","article_publisher":"https:\/\/www.facebook.com\/couchconnections\/","article_modified_time":"2023-07-14T09:25:39+00:00","og_image":[{"width":2048,"height":1365,"url":"https:\/\/www.couch-connections.com\/wp-content\/uploads\/2020\/02\/38-IMG_1521.jpg","type":"image\/jpeg"}],"twitter_card":"summary_large_image","schema":{"@context":"https:\/\/schema.org","@graph":[{"@type":"WebPage","@id":"https:\/\/www.couch-connections.com\/de\/stream\/","url":"https:\/\/www.couch-connections.com\/de\/stream\/","name":"Stream - Couch Connections - A Documentary about Couchsurfing","isPartOf":{"@id":"https:\/\/www.couch-connections.com\/de\/#website"},"primaryImageOfPage":{"@id":"https:\/\/www.couch-connections.com\/de\/stream\/#primaryimage"},"image":{"@id":"https:\/\/www.couch-connections.com\/de\/stream\/#primaryimage"},"thumbnailUrl":"https:\/\/www.couch-connections.com\/wp-content\/uploads\/2020\/02\/38-IMG_1521.jpg","datePublished":"2020-03-20T10:09:04+00:00","dateModified":"2023-07-14T09:25:39+00:00","breadcrumb":{"@id":"https:\/\/www.couch-connections.com\/de\/stream\/#breadcrumb"},"inLanguage":"de","potentialAction":[{"@type":"ReadAction","target":["https:\/\/www.couch-connections.com\/de\/stream\/"]}]},{"@type":"ImageObject","inLanguage":"de","@id":"https:\/\/www.couch-connections.com\/de\/stream\/#primaryimage","url":"https:\/\/www.couch-connections.com\/wp-content\/uploads\/2020\/02\/38-IMG_1521.jpg","contentUrl":"https:\/\/www.couch-connections.com\/wp-content\/uploads\/2020\/02\/38-IMG_1521.jpg","width":2048,"height":1365},{"@type":"BreadcrumbList","@id":"https:\/\/www.couch-connections.com\/de\/stream\/#breadcrumb","itemListElement":[{"@type":"ListItem","position":1,"name":"Home","item":"https:\/\/www.couch-connections.com\/de\/"},{"@type":"ListItem","position":2,"name":"Stream"}]},{"@type":"WebSite","@id":"https:\/\/www.couch-connections.com\/de\/#website","url":"https:\/\/www.couch-connections.com\/de\/","name":"Couch Connections","description":"A Documentary about Couchsurfing","publisher":{"@id":"https:\/\/www.couch-connections.com\/de\/#\/schema\/person\/fc878010629408efb40cce1672a0858d"},"potentialAction":[{"@type":"SearchAction","target":{"@type":"EntryPoint","urlTemplate":"https:\/\/www.couch-connections.com\/de\/?s={search_term_string}"},"query-input":{"@type":"PropertyValueSpecification","valueRequired":true,"valueName":"search_term_string"}}],"inLanguage":"de"},{"@type":["Person","Organization"],"@id":"https:\/\/www.couch-connections.com\/de\/#\/schema\/person\/fc878010629408efb40cce1672a0858d","name":"Christoph Pehofer","logo":{"@id":"https:\/\/www.couch-connections.com\/de\/#\/schema\/person\/image\/"},"sameAs":["https:\/\/www.couch-connections.com","https:\/\/www.facebook.com\/couchconnections\/","https:\/\/www.instagram.com\/couchconnections\/","https:\/\/www.youtube.com\/channel\/UC7MXovFcq_ZhtS7g8mkYiaw"]}]}},"_links":{"self":[{"href":"https:\/\/www.couch-connections.com\/de\/wp-json\/wp\/v2\/pages\/1187","targetHints":{"allow":["GET"]}}],"collection":[{"href":"https:\/\/www.couch-connections.com\/de\/wp-json\/wp\/v2\/pages"}],"about":[{"href":"https:\/\/www.couch-connections.com\/de\/wp-json\/wp\/v2\/types\/page"}],"author":[{"embeddable":true,"href":"https:\/\/www.couch-connections.com\/de\/wp-json\/wp\/v2\/users\/1"}],"replies":[{"embeddable":true,"href":"https:\/\/www.couch-connections.com\/de\/wp-json\/wp\/v2\/comments?post=1187"}],"version-history":[{"count":10,"href":"https:\/\/www.couch-connections.com\/de\/wp-json\/wp\/v2\/pages\/1187\/revisions"}],"predecessor-version":[{"id":1886,"href":"https:\/\/www.couch-connections.com\/de\/wp-json\/wp\/v2\/pages\/1187\/revisions\/1886"}],"wp:featuredmedia":[{"embeddable":true,"href":"https:\/\/www.couch-connections.com\/de\/wp-json\/wp\/v2\/media\/1082"}],"wp:attachment":[{"href":"https:\/\/www.couch-connections.com\/de\/wp-json\/wp\/v2\/media?parent=1187"}],"curies":[{"name":"wp","href":"https:\/\/api.w.org\/{rel}","templated":true}]}}